{"id":2341,"date":"2021-06-10T14:14:28","date_gmt":"2021-06-10T14:14:28","guid":{"rendered":"https:\/\/promo-theme.com\/novo\/?page_id=2341"},"modified":"2026-02-17T13:42:40","modified_gmt":"2026-02-17T10:42:40","slug":"hakkimizda","status":"publish","type":"page","link":"https:\/\/www.platofineart.com\/index.php\/hakkimizda\/","title":{"rendered":"Hakk\u0131m\u0131zda"},"content":{"rendered":"\t\t<div data-elementor-type=\"wp-page\" data-elementor-id=\"2341\" class=\"elementor elementor-2341\">\n\t\t\t\t\t\t<section class=\"elementor-section elementor-top-section elementor-element elementor-element-2edb5abe animated-slow elementor-section-boxed elementor-section-height-default elementor-section-height-default elementor-invisible\" data-id=\"2edb5abe\" data-element_type=\"section\" data-e-type=\"section\" data-settings=\"{&quot;animation&quot;:&quot;fadeIn&quot;}\">\n\t\t\t\t\t\t<div class=\"elementor-container elementor-column-gap-default\">\n\t\t\t\t\t<div class=\"elementor-column elementor-col-50 elementor-top-column elementor-element elementor-element-4ffb4c94 elementor-invisible\" data-id=\"4ffb4c94\" data-element_type=\"column\" data-e-type=\"column\" data-settings=\"{&quot;background_background&quot;:&quot;classic&quot;,&quot;animation&quot;:&quot;fadeIn&quot;}\">\n\t\t\t<div class=\"elementor-widget-wrap elementor-element-populated\">\n\t\t\t\t\t\t<div class=\"elementor-element elementor-element-5693df82 elementor-widget elementor-widget-spacer\" data-id=\"5693df82\" data-element_type=\"widget\" data-e-type=\"widget\" data-widget_type=\"spacer.default\">\n\t\t\t\t<div class=\"elementor-widget-container\">\n\t\t\t\t\t\t\t<div class=\"elementor-spacer\">\n\t\t\t<div class=\"elementor-spacer-inner\"><\/div>\n\t\t<\/div>\n\t\t\t\t\t\t<\/div>\n\t\t\t\t<\/div>\n\t\t\t\t\t<\/div>\n\t\t<\/div>\n\t\t\t\t<div class=\"elementor-column elementor-col-50 elementor-top-column elementor-element elementor-element-1dff58cc\" data-id=\"1dff58cc\" data-element_type=\"column\" data-e-type=\"column\" data-settings=\"{&quot;background_background&quot;:&quot;classic&quot;}\">\n\t\t\t<div class=\"elementor-widget-wrap elementor-element-populated\">\n\t\t\t\t\t\t<div class=\"elementor-element elementor-element-737ed5b5 elementor-widget elementor-widget-yprm_heading\" data-id=\"737ed5b5\" data-element_type=\"widget\" data-e-type=\"widget\" data-widget_type=\"yprm_heading.default\">\n\t\t\t\t<div class=\"elementor-widget-container\">\n\t\t\t\t\t\t\t\t<div class=\"heading-block with-line tal\">\n\t\t\t\t                  <h3 class=\"h\">\u0130stanbul'un En B\u00fcy\u00fck Foto\u011fraf Platosu<br \/>\n<span>Plato Fine Art.<\/span><\/h3>\n        \t\t\t<\/div>\n      \t\t\t\t\t\t<\/div>\n\t\t\t\t<\/div>\n\t\t\t\t<div class=\"elementor-element elementor-element-7542b32b elementor-widget elementor-widget-text-editor\" data-id=\"7542b32b\" data-element_type=\"widget\" data-e-type=\"widget\" data-widget_type=\"text-editor.default\">\n\t\t\t\t<div class=\"elementor-widget-container\">\n\t\t\t\t\t\t\t\t\t<p>Plato Fine Art, 55 y\u0131l \u00f6nce Mehmet K\u0131l\u0131n\u00e7 taraf\u0131ndan temelleri at\u0131lan ve bug\u00fcn B<strong>\u00fclent K\u0131l\u0131n\u00e7<\/strong>\u2019\u0131n liderli\u011finde b\u00fcy\u00fcyerek devam eden bir aile \u015firketidir. \u00dc\u00e7 jenerasyon boyunca d\u00fc\u011f\u00fcn foto\u011fraf\u00e7\u0131l\u0131\u011f\u0131na olan tutkumuzu ve tecr\u00fcbemizi, her ge\u00e7en g\u00fcn daha ileriye ta\u015f\u0131maktan gurur duyuyoruz. \u0130stanbul merkezli olarak hizmet veren +15 ki\u015filik ekibimiz, her \u00e7iftin a\u015fk hikayesini e\u015fsiz ve unutulmaz bir \u015fekilde g\u00f6rselle\u015ftirmek i\u00e7in \u00e7al\u0131\u015f\u0131yor.<\/p><p>M\u00fc\u015fteri memnuniyeti, yarat\u0131c\u0131l\u0131k ve y\u00fcksek kalite standartlar\u0131m\u0131zla, hem yerel hem uluslararas\u0131 alanda hizmet sunuyoruz. Foto\u011fraf turizmi kapsam\u0131nda, Avrupa\u2019dan T\u00fcrkiye\u2019ye ya da T\u00fcrkiye\u2019den Avrupa\u2019ya uzanan romantik ser\u00fcvenlerde \u00e7iftlerimizin en g\u00fczel anlar\u0131na e\u015flik ediyoruz. Amac\u0131m\u0131z yaln\u0131zca an\u0131lar\u0131n\u0131z\u0131 \u00f6l\u00fcms\u00fczle\u015ftirmek de\u011fil; bu \u00f6zel yolculu\u011fun bir par\u00e7as\u0131 olarak sizi en iyi \u015fekilde yans\u0131tmak.<\/p>\t\t\t\t\t\t\t\t<\/div>\n\t\t\t\t<\/div>\n\t\t\t\t<div class=\"elementor-element elementor-element-6bbe46f elementor-widget elementor-widget-yprm_button\" data-id=\"6bbe46f\" data-element_type=\"widget\" data-e-type=\"widget\" data-widget_type=\"yprm_button.default\">\n\t\t\t\t<div class=\"elementor-widget-container\">\n\t\t\t\t\t\r\n\t\t<div class=\"button-container\">\r\n\t\t\t<a class=\"button-elementor button-style2\" href=\"#\" target=\"_self\">\r\n\t\t\t\t\t\t\t\t<span>Devam\u0131<\/span>\r\n\t\t\t\t\t\t\t<\/a>\r\n\t\t<\/div>\r\n\r\n\t\t\t\t\t\t<\/div>\n\t\t\t\t<\/div>\n\t\t\t\t\t<\/div>\n\t\t<\/div>\n\t\t\t\t\t<\/div>\n\t\t<\/section>\n\t\t\t\t<section class=\"elementor-section elementor-top-section elementor-element elementor-element-6b1493de elementor-section-boxed elementor-section-height-default elementor-section-height-default\" data-id=\"6b1493de\" data-element_type=\"section\" data-e-type=\"section\">\n\t\t\t\t\t\t<div class=\"elementor-container elementor-column-gap-default\">\n\t\t\t\t\t<div class=\"elementor-column elementor-col-100 elementor-top-column elementor-element elementor-element-5b4ac6c\" data-id=\"5b4ac6c\" data-element_type=\"column\" data-e-type=\"column\">\n\t\t\t<div class=\"elementor-widget-wrap\">\n\t\t\t\t\t\t\t<\/div>\n\t\t<\/div>\n\t\t\t\t\t<\/div>\n\t\t<\/section>\n\t\t\t\t<section class=\"elementor-section elementor-top-section elementor-element elementor-element-3cc14e17 elementor-section-boxed elementor-section-height-default elementor-section-height-default\" data-id=\"3cc14e17\" data-element_type=\"section\" data-e-type=\"section\">\n\t\t\t\t\t\t<div class=\"elementor-container elementor-column-gap-default\">\n\t\t\t\t\t<div class=\"elementor-column elementor-col-100 elementor-top-column elementor-element elementor-element-530673b\" data-id=\"530673b\" data-element_type=\"column\" data-e-type=\"column\">\n\t\t\t<div class=\"elementor-widget-wrap elementor-element-populated\">\n\t\t\t\t\t\t<div class=\"elementor-element elementor-element-371eb0db elementor-widget elementor-widget-yprm_heading\" data-id=\"371eb0db\" data-element_type=\"widget\" data-e-type=\"widget\" data-widget_type=\"yprm_heading.default\">\n\t\t\t\t<div class=\"elementor-widget-container\">\n\t\t\t\t\t\t\t\t<div class=\"heading-block with-line tac\">\n\t\t\t\t                  <h3 class=\"h\">Neden Plato Fine Art?<\/h3>\n        \t\t\t<\/div>\n      \t\t\t\t\t\t<\/div>\n\t\t\t\t<\/div>\n\t\t\t\t<div class=\"elementor-element elementor-element-143e69ce elementor-invisible elementor-widget elementor-widget-yprm_icon_box\" data-id=\"143e69ce\" data-element_type=\"widget\" data-e-type=\"widget\" data-settings=\"{&quot;cols_xs&quot;:1,&quot;cols_sm&quot;:2,&quot;cols_md&quot;:3,&quot;_animation&quot;:&quot;fadeInUp&quot;}\" data-widget_type=\"yprm_icon_box.default\">\n\t\t\t\t<div class=\"elementor-widget-container\">\n\t\t\t\t\t\t\t\t<div class=\"icon-box-block icon-box-style2\">\r\n\t\t\t\t<div class=\"row\">\r\n\t\t\t\t\t\t\t\t<div class=\"col-12 col-sm-6 col-md-4\">\r\n\t\t\t\t<div class=\"icon-box\">\r\n\t\t\t\t\t\t\t\t<div class=\"icon\">\r\n\t\t\t\t<i class=\"web-application-icon web-application-icon-award-medal web_application\" aria-hidden=\"true\"><\/i>\t\t\t<\/div>\r\n\t\t                      \t\t\t<h5 class=\"title\">Tecr\u00fcbe<\/h5>\r\n\t\t            \t\t\t<div class=\"desc\">55 Y\u0131la s\u0131\u011fmayan \u00fcst\u00fcn \u015firket tecr\u00fcbemizle \u00e7iftlerimize \u00fcst\u00fcn kaliteyi garanti ediyoruz.<\/div>\r\n\t\t                    \t\t\t\t<\/div>\r\n\t\t\t<\/div>\r\n\t\t\t\t\t<div class=\"col-12 col-sm-6 col-md-4\">\r\n\t\t\t\t<div class=\"icon-box\">\r\n\t\t\t\t\t\t\t\t<div class=\"icon\">\r\n\t\t\t\t<i class=\"photo photo-icon-macro photo\" aria-hidden=\"true true\"><\/i>\t\t\t<\/div>\r\n\t\t                      \t\t\t<h5 class=\"title\">m\u00fc\u015fteri memnuniyeti<\/h5>\r\n\t\t            \t\t\t<div class=\"desc\">Firmam\u0131z i\u00e7in en b\u00fcy\u00fck rol\u00fc m\u00fc\u015fteri memnuniyeti oynar. \u00c7iftlerimizin en \u00f6zel anlar\u0131n\u0131 yakalay\u0131p onlar\u0131 mutlu etmek bizim en b\u00fcy\u00fck \u00f6nceli\u011fimiz.<\/div>\r\n\t\t                    \t\t\t\t<\/div>\r\n\t\t\t<\/div>\r\n\t\t\t\t\t<div class=\"col-12 col-sm-6 col-md-4\">\r\n\t\t\t\t<div class=\"icon-box\">\r\n\t\t\t\t\t\t\t\t<div class=\"icon\">\r\n\t\t\t\t<i class=\"photo photo-icon-photographer-with-camera photo\" aria-hidden=\"true true true\"><\/i>\t\t\t<\/div>\r\n\t\t                      \t\t\t<h5 class=\"title\">profesyonel ekip<\/h5>\r\n\t\t            \t\t\t<div class=\"desc\">Plato Fine Art alan\u0131nda uzaman +15 ki\u015fiden olu\u015fan ekibiyle hizmet vermektedir.<\/div>\r\n\t\t                    \t\t\t\t<\/div>\r\n\t\t\t<\/div>\r\n\t\t\t\t\t<div class=\"col-12 col-sm-6 col-md-4\">\r\n\t\t\t\t<div class=\"icon-box\">\r\n\t\t\t\t\t\t\t\t<div class=\"icon\">\r\n\t\t\t\t<i class=\"photo photo-icon-camera-top-view photo\" aria-hidden=\"true true true true\"><\/i>\t\t\t<\/div>\r\n\t\t                      \t\t\t<h5 class=\"title\">Y\u00fcksek Kalite ekipman<\/h5>\r\n\t\t            \t\t\t<div class=\"desc\">\u00c7ekimlerimizi her zaman en g\u00fcncel ve y\u00fcksek kaliteli ekipmanlar\u0131 kullanarak ger\u00e7ekle\u015ftiriyoruz.<\/div>\r\n\t\t                    \t\t\t\t<\/div>\r\n\t\t\t<\/div>\r\n\t\t\t\t\t<div class=\"col-12 col-sm-6 col-md-4\">\r\n\t\t\t\t<div class=\"icon-box\">\r\n\t\t\t\t\t\t\t\t<div class=\"icon\">\r\n\t\t\t\t<i class=\"far fa-calendar-times fa-regular\" aria-hidden=\"true true true true true\"><\/i>\t\t\t<\/div>\r\n\t\t                      \t\t\t<h5 class=\"title\">esnek rezervasyon<\/h5>\r\n\t\t            \t\t\t<div class=\"desc\">B\u00fct\u00fcn \u00e7ekimlerimizde 3 ayl\u0131k bir ultra esnek rezervasyon imkan\u0131 sunuyoruz. Daha fazla bilgi i\u00e7in ana sayfam\u0131z\u0131 ziyaret edin.<\/div>\r\n\t\t                    \t\t\t\t<\/div>\r\n\t\t\t<\/div>\r\n\t\t\t\t\t<div class=\"col-12 col-sm-6 col-md-4\">\r\n\t\t\t\t<div class=\"icon-box\">\r\n\t\t\t\t\t\t\t\t<div class=\"icon\">\r\n\t\t\t\t<i class=\"far fa-clock fa-regular\" aria-hidden=\"true true true true true true\"><\/i>\t\t\t<\/div>\r\n\t\t                      \t\t\t<h5 class=\"title\">erken rezervasyon<\/h5>\r\n\t\t            \t\t\t<div class=\"desc\">\u00c7ekiminizi tam 9 ay \u00f6ncesinden planlayabilirsiniz ve tarihinizi kendiniz i\u00e7in rezerve edebilirsiniz!<\/div>\r\n\t\t                    \t\t\t\t<\/div>\r\n\t\t\t<\/div>\r\n\t\t\t\t\t\t<\/div>\r\n\t\t\t<\/div>\r\n\t\t\t\t\t\t<\/div>\n\t\t\t\t<\/div>\n\t\t\t\t<div class=\"elementor-element elementor-element-ff9b9a0 elementor-widget elementor-widget-yprm_video\" data-id=\"ff9b9a0\" data-element_type=\"widget\" data-e-type=\"widget\" data-widget_type=\"yprm_video.default\">\n\t\t\t\t<div class=\"elementor-widget-container\">\n\t\t\t\t\t\t\t<div class=\"video-block popup-gallery\">\r\n\t\t\t<div class=\"popup-item\" style=\"background-image: url(https:\/\/mlqtikq4kmu9.i.optimole.com\/w:auto\/h:auto\/q:mauto\/ig:avif\/https:\/\/www.platofineart.com\/wp-content\/uploads\/2025\/01\/resim_2025-01-14_200918236.webp);\">\r\n\t\t\t\t<div class=\"area\">\r\n\t\t\t\t\t<div class=\"content\">\r\n\t\t\t\t\t\t\t\t\t\t\t\t\t\t\t\t\t<\/div>\r\n\t\t\t\t\t<a href=\"#\" data-type=\"video\" data-popup-json=\"{&quot;video&quot;:{&quot;html&quot;:&quot;&lt;iframe class=\\&quot;pswp__video\\&quot; width=\\&quot;1920\\&quot; height=\\&quot;1080\\&quot; src=\\&quot;https:\\\/\\\/youtube.com\\\/embed\\\/MjTrJMAcQPo?rel=0&#038;showinfo=0&#038;enablejsapi=1\\&quot; frameborder=\\&quot;0\\&quot; allowfullscreen=\\&quot;\\&quot;&gt;&lt;\\\/iframe&gt;&quot;,&quot;w&quot;:1920,&quot;h&quot;:1080}}\" data-id=\"0\">\r\n\t\t\t\t\t\t<div><i class=\"music-and-multimedia-play-button\"><\/i><\/div>\r\n\t\t\t\t\t<\/a>\r\n\t\t\t\t<\/div>\r\n\t\t\t<\/div>\r\n\t\t<\/div>\r\n\t\t\t\t\t\t<\/div>\n\t\t\t\t<\/div>\n\t\t\t\t\t<\/div>\n\t\t<\/div>\n\t\t\t\t\t<\/div>\n\t\t<\/section>\n\t\t\t\t<section class=\"elementor-section elementor-top-section elementor-element elementor-element-9ce99c0 elementor-section-boxed elementor-section-height-default elementor-section-height-default\" data-id=\"9ce99c0\" data-element_type=\"section\" data-e-type=\"section\">\n\t\t\t\t\t\t<div class=\"elementor-container elementor-column-gap-default\">\n\t\t\t\t\t<div class=\"elementor-column elementor-col-100 elementor-top-column elementor-element elementor-element-ed1912c\" data-id=\"ed1912c\" data-element_type=\"column\" data-e-type=\"column\">\n\t\t\t<div class=\"elementor-widget-wrap elementor-element-populated\">\n\t\t\t\t\t\t<div class=\"elementor-element elementor-element-a11162b elementor-widget elementor-widget-spacer\" data-id=\"a11162b\" data-element_type=\"widget\" data-e-type=\"widget\" data-widget_type=\"spacer.default\">\n\t\t\t\t<div class=\"elementor-widget-container\">\n\t\t\t\t\t\t\t<div class=\"elementor-spacer\">\n\t\t\t<div class=\"elementor-spacer-inner\"><\/div>\n\t\t<\/div>\n\t\t\t\t\t\t<\/div>\n\t\t\t\t<\/div>\n\t\t\t\t<div class=\"elementor-element elementor-element-3630ba8 elementor-widget elementor-widget-yprm_heading\" data-id=\"3630ba8\" data-element_type=\"widget\" data-e-type=\"widget\" data-widget_type=\"yprm_heading.default\">\n\t\t\t\t<div class=\"elementor-widget-container\">\n\t\t\t\t\t\t\t\t<div class=\"heading-block with-line tac\">\n\t\t\t\t                  <h3 class=\"h\">Son Yaz\u0131lar<\/h3>\n        \t\t\t<\/div>\n      \t\t\t\t\t\t<\/div>\n\t\t\t\t<\/div>\n\t\t\t\t<div class=\"elementor-element elementor-element-9fb8ecb elementor-widget elementor-widget-yprm_blog\" data-id=\"9fb8ecb\" data-element_type=\"widget\" data-e-type=\"widget\" data-settings=\"{&quot;cols_xs&quot;:1,&quot;cols_sm&quot;:2,&quot;cols_md&quot;:3,&quot;type&quot;:&quot;grid&quot;}\" data-widget_type=\"yprm_blog.default\">\n\t\t\t\t<div class=\"elementor-widget-container\">\n\t\t\t\t\t\r\n\t\t<div class=\"blog-block elementor-block\">\r\n\t\t\t\t\t<div class=\"filter-button-group tal\">\r\n\t\t\t<div class=\"wrap\">\r\n\t\t\t\t<button class=\"active\" data-filter=\"*\">\r\n\t\t\t\t\t<span>All<\/span>\r\n\t\t\t\t<\/button>\r\n\t\t\t\t\t\t\t\t\t<button data-filter=\".category-54\">\r\n\t\t\t\t\t\t<span>Rehber<\/span>\r\n\t\t\t\t\t<\/button>\r\n\t\t\t\t\t\t\t\t\t<button data-filter=\".category-1\">\r\n\t\t\t\t\t\t<span>Uncategorized<\/span>\r\n\t\t\t\t\t<\/button>\r\n\t\t\t\t\t\t\t<\/div>\r\n\t\t<\/div>\r\n\t\t\t\t\t<div class=\"isotope row blog-type-grid load-wrap blog-items\">\r\n        <div class=\"grid-sizer col-1\"><\/div>\r\n\t\t\t\t\r\n\t\t<article class=\"blog-item istp-item col-12 col-sm-6 col-md-4 with-image with-author category-54\">\r\n\t\t\t<div class=\"wrap\">\r\n\t\t\t\t\t\t\t\t\t<div class=\"img\" data-original=\"https:\/\/mlqtikq4kmu9.i.optimole.com\/w:auto\/h:auto\/q:mauto\/ig:avif\/https:\/\/www.platofineart.com\/wp-content\/uploads\/2025\/02\/MA-613-copy-e1766750528976.jpg\">\r\n\t\t\t\t\t\t<div class=\"author-info-block\">\r\n\t\t\t<div class=\"author-info-avatar\" style=\"background-image: url(https:\/\/secure.gravatar.com\/avatar\/8c6ebe038335cab9bbabff89978bf9cc3a99504b0a8c3f6d21ac46b6bd20124f?s=96&d=mm&r=g)\"><\/div>\r\n\t\t\t<div class=\"author-info-content\">\r\n\t\t\t\t<div class=\"name\">efekilinc<\/div>\r\n\t\t\t\t\t\t<div class=\"date\">26\/12\/2025<\/div>\r\n\t\t\t\t\t<\/div>\r\n\t\t<\/div>\r\n\t\t\t\t\t\t<a href=\"https:\/\/www.platofineart.com\/index.php\/2025\/12\/26\/nasil-rezervasyon-olusturulur\/\" style=\"background-image: url(https:\/\/mlqtikq4kmu9.i.optimole.com\/w:1024\/h:861\/q:mauto\/ig:avif\/https:\/\/www.platofineart.com\/wp-content\/uploads\/2025\/02\/MA-613-copy-e1766750528976.jpg)\"><\/a>\r\n\t\t\t<\/div>\r\n\t\t\t\t\t\t\t\t<div class=\"content\">\r\n\t\t\t\t\t\t\t\t\t\t\t\t<h5>\r\n\t\t\t<a class=\"title\" href=\"https:\/\/www.platofineart.com\/index.php\/2025\/12\/26\/nasil-rezervasyon-olusturulur\/\">Nas\u0131l Rezervasyon Olu\u015fturulur?<\/a>\r\n\t\t<\/h5>\r\n\t\t\t\t\t\t\t\t\t\t\t\t\t\t\t\t\t\t\t<a href=\"https:\/\/www.platofineart.com\/index.php\/2025\/12\/26\/nasil-rezervasyon-olusturulur\/\" class=\"button-style2\">\r\n\t\t\tRead More\t\t<\/a>\r\n\t\t\t\t\t\t<\/div>\r\n        <div class=\"clear\"><\/div>\r\n        \t\t<div class=\"bottom\">\r\n\t\t\t\t\t\t\t<div class=\"col\">\r\n\t\t\t\t\t<a href=\"#\" class=\"zilla-likes\" id=\"zilla-likes-1198\" title=\"Like this\" data-postfix=\" like\"><i class=\"multimedia-icon-heart\"><\/i> <span>0 likes<\/span><\/a>\t\t\t\t<\/div>\r\n\t\t\t\t\t\t\t\t\t\t<div class=\"col\">\r\n\t\t\t\t\t<i class=\"multimedia-icon-speech-bubble-1\"><\/i>\r\n\t\t\t\t\t<a href=\"https:\/\/www.platofineart.com\/index.php\/2025\/12\/26\/nasil-rezervasyon-olusturulur\/#comments\">No Comments<\/a>\r\n\t\t\t\t<\/div>\r\n\t\t\t\t\t<\/div>\r\n\t\t\t\t\t<\/div>\r\n\t\t<\/article>\r\n\t\t\r\n\t\t<article class=\"blog-item istp-item col-12 col-sm-6 col-md-4 with-image with-author category-54\">\r\n\t\t\t<div class=\"wrap\">\r\n\t\t\t\t\t\t\t\t\t<div class=\"img\" data-original=\"https:\/\/mlqtikq4kmu9.i.optimole.com\/w:auto\/h:auto\/q:mauto\/ig:avif\/https:\/\/www.platofineart.com\/wp-content\/uploads\/2025\/02\/658A1012.jpg\">\r\n\t\t\t\t\t\t<div class=\"author-info-block\">\r\n\t\t\t<div class=\"author-info-avatar\" style=\"background-image: url(https:\/\/secure.gravatar.com\/avatar\/8c6ebe038335cab9bbabff89978bf9cc3a99504b0a8c3f6d21ac46b6bd20124f?s=96&d=mm&r=g)\"><\/div>\r\n\t\t\t<div class=\"author-info-content\">\r\n\t\t\t\t<div class=\"name\">efekilinc<\/div>\r\n\t\t\t\t\t\t<div class=\"date\">26\/12\/2025<\/div>\r\n\t\t\t\t\t<\/div>\r\n\t\t<\/div>\r\n\t\t\t\t\t\t<a href=\"https:\/\/www.platofineart.com\/index.php\/2025\/12\/26\/cekim-gunu-nasil-belirlenmeli\/\" style=\"background-image: url(https:\/\/mlqtikq4kmu9.i.optimole.com\/w:819\/h:1024\/q:mauto\/ig:avif\/https:\/\/www.platofineart.com\/wp-content\/uploads\/2025\/02\/658A1012.jpg)\"><\/a>\r\n\t\t\t<\/div>\r\n\t\t\t\t\t\t\t\t<div class=\"content\">\r\n\t\t\t\t\t\t\t\t\t\t\t\t<h5>\r\n\t\t\t<a class=\"title\" href=\"https:\/\/www.platofineart.com\/index.php\/2025\/12\/26\/cekim-gunu-nasil-belirlenmeli\/\">\u00c7ekim G\u00fcn\u00fc Nas\u0131l Belirlenmeli?<\/a>\r\n\t\t<\/h5>\r\n\t\t\t\t\t\t\t\t\t\t\t\t\t\t\t\t\t\t\t<a href=\"https:\/\/www.platofineart.com\/index.php\/2025\/12\/26\/cekim-gunu-nasil-belirlenmeli\/\" class=\"button-style2\">\r\n\t\t\tRead More\t\t<\/a>\r\n\t\t\t\t\t\t<\/div>\r\n        <div class=\"clear\"><\/div>\r\n        \t\t<div class=\"bottom\">\r\n\t\t\t\t\t\t\t<div class=\"col\">\r\n\t\t\t\t\t<a href=\"#\" class=\"zilla-likes\" id=\"zilla-likes-1196\" title=\"Like this\" data-postfix=\" like\"><i class=\"multimedia-icon-heart\"><\/i> <span>0 likes<\/span><\/a>\t\t\t\t<\/div>\r\n\t\t\t\t\t\t\t\t\t\t<div class=\"col\">\r\n\t\t\t\t\t<i class=\"multimedia-icon-speech-bubble-1\"><\/i>\r\n\t\t\t\t\t<a href=\"https:\/\/www.platofineart.com\/index.php\/2025\/12\/26\/cekim-gunu-nasil-belirlenmeli\/#comments\">No Comments<\/a>\r\n\t\t\t\t<\/div>\r\n\t\t\t\t\t<\/div>\r\n\t\t\t\t\t<\/div>\r\n\t\t<\/article>\r\n\t\t\r\n\t\t<article class=\"blog-item istp-item col-12 col-sm-6 col-md-4 with-image with-author category-1\">\r\n\t\t\t<div class=\"wrap\">\r\n\t\t\t\t\t\t\t\t\t<div class=\"img\" data-original=\"https:\/\/mlqtikq4kmu9.i.optimole.com\/w:auto\/h:auto\/q:mauto\/ig:avif\/https:\/\/www.platofineart.com\/wp-content\/uploads\/2018\/10\/WhatsApp-Gorsel-2025-12-25-saat-23.34.19_e1dcb0db.jpg\">\r\n\t\t\t\t\t\t<div class=\"author-info-block\">\r\n\t\t\t<div class=\"author-info-avatar\" style=\"background-image: url(https:\/\/secure.gravatar.com\/avatar\/8c6ebe038335cab9bbabff89978bf9cc3a99504b0a8c3f6d21ac46b6bd20124f?s=96&d=mm&r=g)\"><\/div>\r\n\t\t\t<div class=\"author-info-content\">\r\n\t\t\t\t<div class=\"name\">efekilinc<\/div>\r\n\t\t\t\t\t\t<div class=\"date\">25\/12\/2025<\/div>\r\n\t\t\t\t\t<\/div>\r\n\t\t<\/div>\r\n\t\t\t\t\t\t<a href=\"https:\/\/www.platofineart.com\/index.php\/2025\/12\/25\/2026-kazan-kazan-kampanyamiz-basladi\/\" style=\"background-image: url(https:\/\/mlqtikq4kmu9.i.optimole.com\/w:1024\/h:1024\/q:mauto\/ig:avif\/https:\/\/www.platofineart.com\/wp-content\/uploads\/2018\/10\/WhatsApp-Gorsel-2025-12-25-saat-23.34.19_e1dcb0db.jpg)\"><\/a>\r\n\t\t\t<\/div>\r\n\t\t\t\t\t\t\t\t<div class=\"content\">\r\n\t\t\t\t\t\t\t\t\t\t\t\t<h5>\r\n\t\t\t<a class=\"title\" href=\"https:\/\/www.platofineart.com\/index.php\/2025\/12\/25\/2026-kazan-kazan-kampanyamiz-basladi\/\">2026 Kazan-Kazan Kampanyam\u0131z Ba\u015flad\u0131!<\/a>\r\n\t\t<\/h5>\r\n\t\t\t\t\t\t\t\t\t\t\t\t\t\t\t\t\t\t\t<a href=\"https:\/\/www.platofineart.com\/index.php\/2025\/12\/25\/2026-kazan-kazan-kampanyamiz-basladi\/\" class=\"button-style2\">\r\n\t\t\tRead More\t\t<\/a>\r\n\t\t\t\t\t\t<\/div>\r\n        <div class=\"clear\"><\/div>\r\n        \t\t<div class=\"bottom\">\r\n\t\t\t\t\t\t\t<div class=\"col\">\r\n\t\t\t\t\t<a href=\"#\" class=\"zilla-likes\" id=\"zilla-likes-1191\" title=\"Like this\" data-postfix=\" like\"><i class=\"multimedia-icon-heart\"><\/i> <span>0 likes<\/span><\/a>\t\t\t\t<\/div>\r\n\t\t\t\t\t\t\t\t\t\t<div class=\"col\">\r\n\t\t\t\t\t<i class=\"multimedia-icon-speech-bubble-1\"><\/i>\r\n\t\t\t\t\t<a href=\"https:\/\/www.platofineart.com\/index.php\/2025\/12\/25\/2026-kazan-kazan-kampanyamiz-basladi\/#comments\">No Comments<\/a>\r\n\t\t\t\t<\/div>\r\n\t\t\t\t\t<\/div>\r\n\t\t\t\t\t<\/div>\r\n\t\t<\/article>\r\n\t\t\t\t\t<\/div>\r\n\t\t\t\t\t<\/div>\r\n\r\n    \t\t\t\t<\/div>\n\t\t\t\t<\/div>\n\t\t\t\t\t<\/div>\n\t\t<\/div>\n\t\t\t\t\t<\/div>\n\t\t<\/section>\n\t\t\t\t<\/div>\n\t\t","protected":false},"excerpt":{"rendered":"<p>\u0130stanbul&#8217;un En B\u00fcy\u00fck Foto\u011fraf Platosu Plato Fine Art. Plato Fine Art, 55 y\u0131l \u00f6nce Mehmet K\u0131l\u0131n\u00e7 taraf\u0131ndan temelleri at\u0131lan ve bug\u00fcn B\u00fclent K\u0131l\u0131n\u00e7\u2019\u0131n liderli\u011finde b\u00fcy\u00fcyerek devam eden bir aile \u015firketidir. \u00dc\u00e7 jenerasyon boyunca d\u00fc\u011f\u00fcn foto\u011fraf\u00e7\u0131l\u0131\u011f\u0131na olan tutkumuzu ve tecr\u00fcbemizi, her ge\u00e7en g\u00fcn daha ileriye ta\u015f\u0131maktan gurur duyuyoruz. \u0130stanbul merkezli olarak hizmet veren +15 ki\u015filik ekibimiz, [&hellip;]<\/p>\n","protected":false},"author":1,"featured_media":0,"parent":0,"menu_order":0,"comment_status":"closed","ping_status":"closed","template":"template-landing.php","meta":{"_acf_changed":false,"_joinchat":[],"footnotes":""},"class_list":["post-2341","page","type-page","status-publish","hentry"],"acf":[],"jetpack_sharing_enabled":true,"_links":{"self":[{"href":"https:\/\/www.platofineart.com\/index.php\/wp-json\/wp\/v2\/pages\/2341","targetHints":{"allow":["GET"]}}],"collection":[{"href":"https:\/\/www.platofineart.com\/index.php\/wp-json\/wp\/v2\/pages"}],"about":[{"href":"https:\/\/www.platofineart.com\/index.php\/wp-json\/wp\/v2\/types\/page"}],"author":[{"embeddable":true,"href":"https:\/\/www.platofineart.com\/index.php\/wp-json\/wp\/v2\/users\/1"}],"replies":[{"embeddable":true,"href":"https:\/\/www.platofineart.com\/index.php\/wp-json\/wp\/v2\/comments?post=2341"}],"version-history":[{"count":25,"href":"https:\/\/www.platofineart.com\/index.php\/wp-json\/wp\/v2\/pages\/2341\/revisions"}],"predecessor-version":[{"id":4694,"href":"https:\/\/www.platofineart.com\/index.php\/wp-json\/wp\/v2\/pages\/2341\/revisions\/4694"}],"wp:attachment":[{"href":"https:\/\/www.platofineart.com\/index.php\/wp-json\/wp\/v2\/media?parent=2341"}],"curies":[{"name":"wp","href":"https:\/\/api.w.org\/{rel}","templated":true}]}}