{"id":2380,"date":"2021-06-11T07:33:12","date_gmt":"2021-06-11T07:33:12","guid":{"rendered":"https:\/\/promo-theme.com\/novo\/?page_id=2380"},"modified":"2026-02-18T18:21:36","modified_gmt":"2026-02-18T15:21:36","slug":"iletisim","status":"publish","type":"page","link":"https:\/\/www.platofineart.com\/index.php\/iletisim\/","title":{"rendered":"\u0130leti\u015fim"},"content":{"rendered":"\t\t<div data-elementor-type=\"wp-page\" data-elementor-id=\"2380\" class=\"elementor elementor-2380\">\n\t\t\t\t\t\t<section class=\"elementor-section elementor-top-section elementor-element elementor-element-cc3bfe4 elementor-section-boxed elementor-section-height-default elementor-section-height-default\" data-id=\"cc3bfe4\" data-element_type=\"section\" data-e-type=\"section\">\n\t\t\t\t\t\t<div class=\"elementor-container elementor-column-gap-default\">\n\t\t\t\t\t<div class=\"elementor-column elementor-col-100 elementor-top-column elementor-element elementor-element-c52541e\" data-id=\"c52541e\" data-element_type=\"column\" data-e-type=\"column\">\n\t\t\t<div class=\"elementor-widget-wrap elementor-element-populated\">\n\t\t\t\t\t\t<div class=\"elementor-element elementor-element-49a0f08 elementor-widget elementor-widget-yprm_heading\" data-id=\"49a0f08\" data-element_type=\"widget\" data-e-type=\"widget\" data-widget_type=\"yprm_heading.default\">\n\t\t\t\t<div class=\"elementor-widget-container\">\n\t\t\t\t\t\t\t\t<div class=\"heading-block tac\">\n\t\t\t\t                  <h2 class=\"h\">\u0130leti\u015fim<\/h2>\n        \t\t\t<\/div>\n      \t\t\t\t\t\t<\/div>\n\t\t\t\t<\/div>\n\t\t\t\t<div class=\"elementor-element elementor-element-8bd4100 elementor-invisible elementor-widget elementor-widget-yprm_icon_box\" data-id=\"8bd4100\" data-element_type=\"widget\" data-e-type=\"widget\" data-settings=\"{&quot;cols_xs&quot;:1,&quot;cols_md&quot;:3,&quot;_animation&quot;:&quot;fadeInUp&quot;}\" data-widget_type=\"yprm_icon_box.default\">\n\t\t\t\t<div class=\"elementor-widget-container\">\n\t\t\t\t\t\t\t\t<div class=\"icon-box-block icon-box-style3\">\r\n\t\t\t\t<div class=\"row\">\r\n\t\t\t\t\t\t\t\t<div class=\"col-12 col-md-4\">\r\n\t\t\t\t<div class=\"icon-box\">\r\n\t\t\t\t\t\t\t\t<div class=\"icon\">\r\n\t\t\t\t<i class=\"multimedia-icon multimedia-icon-smartphone multimedia\" aria-hidden=\"true\"><\/i>\t\t\t<\/div>\r\n\t\t                      \t\t\t<h5 class=\"title\">TELEFON<\/h5>\r\n\t\t            \t\t\t<div class=\"desc\">+(90) 212 853 7110 <\/div>\r\n\t\t                    \t\t\t\t<\/div>\r\n\t\t\t<\/div>\r\n\t\t\t\t\t<div class=\"col-12 col-md-4\">\r\n\t\t\t\t<div class=\"icon-box\">\r\n\t\t\t\t\t\t\t\t<div class=\"icon\">\r\n\t\t\t\t<i class=\"multimedia-icon multimedia-icon-envelope multimedia\" aria-hidden=\"true true\"><\/i>\t\t\t<\/div>\r\n\t\t                      \t\t\t<h5 class=\"title\">MA\u0130L<\/h5>\r\n\t\t            \t\t\t<div class=\"desc\">platofineart@gmail.com <br \/>\n<\/div>\r\n\t\t                    \t\t\t\t<\/div>\r\n\t\t\t<\/div>\r\n\t\t\t\t\t<div class=\"col-12 col-md-4\">\r\n\t\t\t\t<div class=\"icon-box\">\r\n\t\t\t\t\t\t\t\t<div class=\"icon\">\r\n\t\t\t\t<i class=\"multimedia-icon multimedia-icon-placeholder multimedia\" aria-hidden=\"true true true\"><\/i>\t\t\t<\/div>\r\n\t\t                      \t\t\t<h5 class=\"title\">ADRES<\/h5>\r\n\t\t            \t\t\t<div class=\"desc\">T\u00fcrkoba Mahallesi, Tepecik Caddesi, Tepekent Sitesi, Onur 4 Sokak, No:1, B\u00fcy\u00fck\u00e7ekmece\/\u0130stanbul, T\u00fcrkiye<\/div>\r\n\t\t                                <a href=\"https:\/\/www.google.com\/url?sa=t&#038;rct=j&#038;q=&#038;esrc=s&#038;source=web&#038;cd=&#038;cad=rja&#038;uact=8&#038;ved=2ahUKEwiSt5O35_GRAxXDRvEDHTt9C2QQ4kB6BAhAEAM&#038;url=%2Fmaps%2Fplace%2F%2Fdata%3D!4m2!3m1!1s0x14b55ff97e25e71b%3A0xec8aed1eaaa765da%3Fsa%3DX%26ved%3D1t%3A8290%26ictx%3D111&#038;usg=AOvVaw3Dhm686vfP1QA2Hcb8XOmO&#038;opi=89978449\" target=\"_blank\" rel=\"noopener\"><\/a>\r\n          \t\t\t\t<\/div>\r\n\t\t\t<\/div>\r\n\t\t\t\t\t\t<\/div>\r\n\t\t\t<\/div>\r\n\t\t\t\t\t\t<\/div>\n\t\t\t\t<\/div>\n\t\t\t\t<div class=\"elementor-element elementor-element-3f68353 elementor-invisible elementor-widget elementor-widget-text-editor\" data-id=\"3f68353\" data-element_type=\"widget\" data-e-type=\"widget\" data-settings=\"{&quot;_animation&quot;:&quot;fadeInUp&quot;}\" data-widget_type=\"text-editor.default\">\n\t\t\t\t<div class=\"elementor-widget-container\">\n\t\t\t\t\t\t\t\t\t<p>De\u011ferli \u00c7iftlerimiz, telefon numaram\u0131z arac\u0131l\u0131\u011f\u0131yla taraf\u0131m\u0131za ula\u015fan b\u00fct\u00fcn m\u00fc\u015fterilerimize \u00e7al\u0131\u015fma saatlerimiz Pzt-Cmt 10.00-17.00 aras\u0131nda hizmet verilecektir.<\/p><p>Mail ile g\u00f6nderilen b\u00fct\u00fcn iletilerinize d\u00f6n\u00fc\u015f sa\u011flanacakt\u0131r.\u00a0<\/p><p>Ek olarak bizlere \u0130nstagram hesab\u0131m\u0131z \u00fczerinden veya WhatsApp numaram\u0131z \u00fczerinden ula\u015fabilirsiniz.<\/p>\t\t\t\t\t\t\t\t<\/div>\n\t\t\t\t<\/div>\n\t\t\t\t\t<\/div>\n\t\t<\/div>\n\t\t\t\t\t<\/div>\n\t\t<\/section>\n\t\t\t\t<section class=\"elementor-section elementor-top-section elementor-element elementor-element-19eba30 elementor-section-boxed elementor-section-height-default elementor-section-height-default\" data-id=\"19eba30\" data-element_type=\"section\" data-e-type=\"section\">\n\t\t\t\t\t\t<div class=\"elementor-container elementor-column-gap-default\">\n\t\t\t\t\t<div class=\"elementor-column elementor-col-100 elementor-top-column elementor-element elementor-element-0cdd66e\" data-id=\"0cdd66e\" data-element_type=\"column\" data-e-type=\"column\">\n\t\t\t<div class=\"elementor-widget-wrap elementor-element-populated\">\n\t\t\t\t\t\t<div class=\"elementor-element elementor-element-0c96aa7 elementor-widget elementor-widget-google_maps\" data-id=\"0c96aa7\" data-element_type=\"widget\" data-e-type=\"widget\" data-widget_type=\"google_maps.default\">\n\t\t\t\t<div class=\"elementor-widget-container\">\n\t\t\t\t\t\t\t<div class=\"elementor-custom-embed\">\n\t\t\t<iframe loading=\"lazy\"\n\t\t\t\t\tsrc=\"https:\/\/maps.google.com\/maps?q=Plato%20Fine%20Art%20%C4%B0stanbul&#038;t=m&#038;z=11&#038;output=embed&#038;iwloc=near\"\n\t\t\t\t\ttitle=\"Plato Fine Art \u0130stanbul\"\n\t\t\t\t\taria-label=\"Plato Fine Art \u0130stanbul\"\n\t\t\t><\/iframe>\n\t\t<\/div>\n\t\t\t\t\t\t<\/div>\n\t\t\t\t<\/div>\n\t\t\t\t<div class=\"elementor-element elementor-element-7cee7ed elementor-widget elementor-widget-yprm_google_map\" data-id=\"7cee7ed\" data-element_type=\"widget\" data-e-type=\"widget\" data-widget_type=\"yprm_google_map.default\">\n\t\t\t\t<div class=\"elementor-widget-container\">\n\t\t\t\t\t\t\t<section class=\"map\">\n\t\t\t<div id=\"google-map-7cee7ed\" class=\"google-map\" data-google-map-style=\"[{&quot;featureType&quot;:&quot;all&quot;,&quot;elementType&quot;:&quot;labels.text.fill&quot;,&quot;stylers&quot;:[{&quot;saturation&quot;:36},{&quot;color&quot;:&quot;#000000&quot;},{&quot;lightness&quot;:40}]},{&quot;featureType&quot;:&quot;all&quot;,&quot;elementType&quot;:&quot;labels.text.stroke&quot;,&quot;stylers&quot;:[{&quot;visibility&quot;:&quot;on&quot;},{&quot;color&quot;:&quot;#000000&quot;},{&quot;lightness&quot;:16}]},{&quot;featureType&quot;:&quot;all&quot;,&quot;elementType&quot;:&quot;labels.icon&quot;,&quot;stylers&quot;:[{&quot;visibility&quot;:&quot;off&quot;}]},{&quot;featureType&quot;:&quot;administrative&quot;,&quot;elementType&quot;:&quot;geometry.fill&quot;,&quot;stylers&quot;:[{&quot;color&quot;:&quot;#000000&quot;},{&quot;lightness&quot;:20}]},{&quot;featureType&quot;:&quot;administrative&quot;,&quot;elementType&quot;:&quot;geometry.stroke&quot;,&quot;stylers&quot;:[{&quot;color&quot;:&quot;#000000&quot;},{&quot;lightness&quot;:17},{&quot;weight&quot;:1.2}]},{&quot;featureType&quot;:&quot;landscape&quot;,&quot;elementType&quot;:&quot;geometry&quot;,&quot;stylers&quot;:[{&quot;color&quot;:&quot;#000000&quot;},{&quot;lightness&quot;:20}]},{&quot;featureType&quot;:&quot;poi&quot;,&quot;elementType&quot;:&quot;geometry&quot;,&quot;stylers&quot;:[{&quot;color&quot;:&quot;#000000&quot;},{&quot;lightness&quot;:21}]},{&quot;featureType&quot;:&quot;road.highway&quot;,&quot;elementType&quot;:&quot;geometry.fill&quot;,&quot;stylers&quot;:[{&quot;color&quot;:&quot;#000000&quot;},{&quot;lightness&quot;:17}]},{&quot;featureType&quot;:&quot;road.highway&quot;,&quot;elementType&quot;:&quot;geometry.stroke&quot;,&quot;stylers&quot;:[{&quot;color&quot;:&quot;#000000&quot;},{&quot;lightness&quot;:29},{&quot;weight&quot;:0.2}]},{&quot;featureType&quot;:&quot;road.arterial&quot;,&quot;elementType&quot;:&quot;geometry&quot;,&quot;stylers&quot;:[{&quot;color&quot;:&quot;#000000&quot;},{&quot;lightness&quot;:18}]},{&quot;featureType&quot;:&quot;road.local&quot;,&quot;elementType&quot;:&quot;geometry&quot;,&quot;stylers&quot;:[{&quot;color&quot;:&quot;#000000&quot;},{&quot;lightness&quot;:16}]},{&quot;featureType&quot;:&quot;transit&quot;,&quot;elementType&quot;:&quot;geometry&quot;,&quot;stylers&quot;:[{&quot;color&quot;:&quot;#000000&quot;},{&quot;lightness&quot;:19}]},{&quot;featureType&quot;:&quot;water&quot;,&quot;elementType&quot;:&quot;geometry&quot;,&quot;stylers&quot;:[{&quot;color&quot;:&quot;#000000&quot;},{&quot;lightness&quot;:17}]}]\" data-google-map-type=\"roadmap\" data-google-map-lat=\"51.5237817\" data-google-map-lng=\"-0.15843700000005\" data-google-map-zoom=\"13\" data-google-locations='{\"lat\":\"51.5237817\",\"lng\":\"-0.15843700000005\"}'><\/div>\n\t\t<\/section>\n\t\t\t\t\t<\/div>\n\t\t\t\t<\/div>\n\t\t\t\t\t<\/div>\n\t\t<\/div>\n\t\t\t\t\t<\/div>\n\t\t<\/section>\n\t\t\t\t<\/div>\n\t\t","protected":false},"excerpt":{"rendered":"<p>\u0130leti\u015fim TELEFON +(90) 212 853 7110 MA\u0130L platofineart@gmail.com ADRES T\u00fcrkoba Mahallesi, Tepecik Caddesi, Tepekent Sitesi, Onur 4 Sokak, No:1, B\u00fcy\u00fck\u00e7ekmece\/\u0130stanbul, T\u00fcrkiye De\u011ferli \u00c7iftlerimiz, telefon numaram\u0131z arac\u0131l\u0131\u011f\u0131yla taraf\u0131m\u0131za ula\u015fan b\u00fct\u00fcn m\u00fc\u015fterilerimize \u00e7al\u0131\u015fma saatlerimiz Pzt-Cmt 10.00-17.00 aras\u0131nda hizmet verilecektir. Mail ile g\u00f6nderilen b\u00fct\u00fcn iletilerinize d\u00f6n\u00fc\u015f sa\u011flanacakt\u0131r.\u00a0 Ek olarak bizlere \u0130nstagram hesab\u0131m\u0131z \u00fczerinden veya WhatsApp numaram\u0131z \u00fczerinden ula\u015fabilirsiniz.<\/p>\n","protected":false},"author":1,"featured_media":0,"parent":0,"menu_order":0,"comment_status":"closed","ping_status":"closed","template":"template-landing.php","meta":{"_acf_changed":false,"footnotes":""},"class_list":["post-2380","page","type-page","status-publish","hentry"],"acf":[],"jetpack_sharing_enabled":true,"_links":{"self":[{"href":"https:\/\/www.platofineart.com\/index.php\/wp-json\/wp\/v2\/pages\/2380","targetHints":{"allow":["GET"]}}],"collection":[{"href":"https:\/\/www.platofineart.com\/index.php\/wp-json\/wp\/v2\/pages"}],"about":[{"href":"https:\/\/www.platofineart.com\/index.php\/wp-json\/wp\/v2\/types\/page"}],"author":[{"embeddable":true,"href":"https:\/\/www.platofineart.com\/index.php\/wp-json\/wp\/v2\/users\/1"}],"replies":[{"embeddable":true,"href":"https:\/\/www.platofineart.com\/index.php\/wp-json\/wp\/v2\/comments?post=2380"}],"version-history":[{"count":25,"href":"https:\/\/www.platofineart.com\/index.php\/wp-json\/wp\/v2\/pages\/2380\/revisions"}],"predecessor-version":[{"id":4692,"href":"https:\/\/www.platofineart.com\/index.php\/wp-json\/wp\/v2\/pages\/2380\/revisions\/4692"}],"wp:attachment":[{"href":"https:\/\/www.platofineart.com\/index.php\/wp-json\/wp\/v2\/media?parent=2380"}],"curies":[{"name":"wp","href":"https:\/\/api.w.org\/{rel}","templated":true}]}}