{"id":2984,"date":"2021-06-22T06:37:29","date_gmt":"2021-06-22T06:37:29","guid":{"rendered":"https:\/\/promo-theme.com\/novo\/?page_id=2984"},"modified":"2021-06-22T06:37:29","modified_gmt":"2021-06-22T06:37:29","slug":"col-3-elementor","status":"publish","type":"page","link":"https:\/\/www.platofineart.com\/index.php\/galeri\/col-3-elementor\/","title":{"rendered":"Col 3"},"content":{"rendered":"\t\t<div data-elementor-type=\"wp-page\" data-elementor-id=\"2984\" class=\"elementor elementor-2984\">\n\t\t\t\t\t\t<section class=\"elementor-section elementor-top-section elementor-element elementor-element-359e7957 elementor-section-boxed elementor-section-height-default elementor-section-height-default\" data-id=\"359e7957\" data-element_type=\"section\" data-e-type=\"section\">\n\t\t\t\t\t\t<div class=\"elementor-container elementor-column-gap-default\">\n\t\t\t\t\t<div class=\"elementor-column elementor-col-100 elementor-top-column elementor-element elementor-element-568d9f5c\" data-id=\"568d9f5c\" data-element_type=\"column\" data-e-type=\"column\">\n\t\t\t<div class=\"elementor-widget-wrap elementor-element-populated\">\n\t\t\t\t\t\t<div class=\"elementor-element elementor-element-418929ac elementor-widget elementor-widget-yprm_heading\" data-id=\"418929ac\" data-element_type=\"widget\" data-e-type=\"widget\" data-widget_type=\"yprm_heading.default\">\n\t\t\t\t<div class=\"elementor-widget-container\">\n\t\t\t\t\t\t\t\t<div class=\"heading-block tac\">\n\t\t\t\t                  <h2 class=\"h\">Gallery<\/h2>\n        \t\t\t<\/div>\n      \t\t\t\t\t\t<\/div>\n\t\t\t\t<\/div>\n\t\t\t\t<div class=\"elementor-element elementor-element-528eda32 elementor-widget elementor-widget-yprm_portfolio\" data-id=\"528eda32\" data-element_type=\"widget\" data-e-type=\"widget\" data-settings=\"{&quot;cols_md&quot;:3,&quot;cols_xs&quot;:&quot;1&quot;,&quot;cols_sm&quot;:&quot;2&quot;}\" data-widget_type=\"yprm_portfolio.default\">\n\t\t\t\t<div class=\"elementor-widget-container\">\n\t\t\t\t\t\n\t\t<div class=\"portfolio-block elementor-block popup-gallery\" id=\"portfolio-69f49ebe02c2f\" data-portfolio-settings=\"{&quot;type&quot;:&quot;masonry&quot;}\" data-popup-settings=\"{&quot;popupTitle&quot;:true,&quot;popupDesc&quot;:false}\">\n\t\t\t\t\t\t\t\t\t<div class=\"filter-buttons filter-button-group tac\">\n\t\t\t<div class=\"wrap\">\n\t\t\t\t<button class=\"button active\" data-filter=\"*\">\n\t\t\t\t\t<span>All<\/span>\n\t\t\t\t<\/button>\n\t\t\t\t\t\t\t\t\t<button class=\"button\" data-filter=\".category-42\">\n\t\t\t\t\t\t<span>Wedding Clip<\/span>\n\t\t\t\t\t<\/button>\n\t\t\t\t\t\t\t\t\t<button class=\"button\" data-filter=\".category-45\">\n\t\t\t\t\t\t<span>Konsept Bah\u00e7e<\/span>\n\t\t\t\t\t<\/button>\n\t\t\t\t\t\t\t\t\t<button class=\"button\" data-filter=\".category-37\">\n\t\t\t\t\t\t<span>Tan\u0131t\u0131m Videolar\u0131<\/span>\n\t\t\t\t\t<\/button>\n\t\t\t\t\t\t\t\t\t<button class=\"button\" data-filter=\".category-50\">\n\t\t\t\t\t\t<span>Konsept \u00c7ekimleri<\/span>\n\t\t\t\t\t<\/button>\n\t\t\t\t\t\t\t<\/div>\n\t\t<\/div>\n\t\t\t\t\t\t<div class=\"portfolio-items elementor-block portfolio-type-masonry load-wrap portfolio_hover_type_1 row\" id=\"portfolio-69f49ebe02c44\">\n\t\t\t\t\t\t\t<article class=\"col-12 col-sm-6 col-md-4 portfolio-item portfolio-masonry-item category-42 popup-item with-video  image-center\">\n\t\t\t<div class=\"wrap\">\n        \t\t\t\t\t<div class=\"a-img\">\n            <img data-opt-id=2105938047  fetchpriority=\"high\" decoding=\"async\" width=\"1024\" height=\"438\" src=\"https:\/\/mlqtikq4kmu9.i.optimole.com\/w:1024\/h:438\/q:mauto\/ig:avif\/https:\/\/www.platofineart.com\/wp-content\/uploads\/2017\/09\/resim_2025-01-31_214011619.png\" class=\"attachment-large size-large\" alt=\"\" srcset=\"https:\/\/mlqtikq4kmu9.i.optimole.com\/w:1024\/h:438\/q:mauto\/ig:avif\/https:\/\/www.platofineart.com\/wp-content\/uploads\/2017\/09\/resim_2025-01-31_214011619.png 1024w, https:\/\/mlqtikq4kmu9.i.optimole.com\/w:300\/h:128\/q:mauto\/ig:avif\/https:\/\/www.platofineart.com\/wp-content\/uploads\/2017\/09\/resim_2025-01-31_214011619.png 300w, https:\/\/mlqtikq4kmu9.i.optimole.com\/w:768\/h:328\/q:mauto\/ig:avif\/https:\/\/www.platofineart.com\/wp-content\/uploads\/2017\/09\/resim_2025-01-31_214011619.png 768w, https:\/\/mlqtikq4kmu9.i.optimole.com\/w:1536\/h:656\/q:mauto\/ig:avif\/https:\/\/www.platofineart.com\/wp-content\/uploads\/2017\/09\/resim_2025-01-31_214011619.png 1536w, https:\/\/mlqtikq4kmu9.i.optimole.com\/w:70\/h:30\/q:mauto\/ig:avif\/dpr:2\/https:\/\/www.platofineart.com\/wp-content\/uploads\/2017\/09\/resim_2025-01-31_214011619.png 70w, https:\/\/mlqtikq4kmu9.i.optimole.com\/w:1320\/h:564\/q:mauto\/ig:avif\/https:\/\/www.platofineart.com\/wp-content\/uploads\/2017\/09\/resim_2025-01-31_214011619.png 1320w, https:\/\/mlqtikq4kmu9.i.optimole.com\/w:600\/h:256\/q:mauto\/ig:avif\/https:\/\/www.platofineart.com\/wp-content\/uploads\/2017\/09\/resim_2025-01-31_214011619.png 600w, https:\/\/mlqtikq4kmu9.i.optimole.com\/w:1919\/h:820\/q:mauto\/ig:avif\/https:\/\/www.platofineart.com\/wp-content\/uploads\/2017\/09\/resim_2025-01-31_214011619.png 1919w\" sizes=\"(max-width: 1000px) 100vw, 1000px\" \/>                      <\/div>\n\t\t\t\t\t\t\t\t<div class=\"content\">\n\t\t\t\t\t\t\t\t<h5>Zuhal &amp; Onur<\/h5>\n\t\t\t\t\t\t\t<p>G\u00fcn \u0131\u015f\u0131\u011f\u0131n\u0131n yans\u0131malar\u0131 \u00e7iftimizin a\u015fk\u0131n\u0131n \u00fczerine d\u00fc\u015f\u00fcyor.\u00a0<\/p>\n\t\t\t\t<\/div>\n\t\t\t\t          <a class=\"link\" href=\"#\" data-popup-json=\"{&quot;title&quot;:&quot;Zuhal &amp; Onur&quot;,&quot;desc&quot;:&quot;G\\u00fcn \\u0131\\u015f\\u0131\\u011f\\u0131n\\u0131n yans\\u0131malar\\u0131 \\u00e7iftimizin a\\u015fk\\u0131n\\u0131n \\u00fczerine d\\u00fc\\u015f\\u00fcyor.\\u00a0&quot;,&quot;video&quot;:{&quot;html&quot;:&quot;&lt;iframe class=\\&quot;pswp__video\\&quot; width=\\&quot;1920\\&quot; height=\\&quot;1080\\&quot; src=\\&quot;https:\\\/\\\/youtube.com\\\/embed\\\/nUvQ1vj4fFY?rel=0&#038;showinfo=0&#038;enablejsapi=1\\&quot; frameborder=\\&quot;0\\&quot; allowfullscreen=\\&quot;\\&quot;&gt;&lt;\\\/iframe&gt;&quot;,&quot;w&quot;:1920,&quot;h&quot;:1080},&quot;post_id&quot;:324,&quot;likes&quot;:&quot;31&quot;,&quot;projectLink&quot;:&quot;https:\\\/\\\/www.platofineart.com\\\/index.php\\\/pt-portfolio\\\/wishing-well\\\/&quot;,&quot;projectLinkTarget&quot;:&quot;_self&quot;}\" data-id=\"0\" ><\/a>        \t\t\t<\/div>\n\t\t<\/article>\n\t\t\t\t<article class=\"col-12 col-sm-6 col-md-4 portfolio-item portfolio-masonry-item category-45 popup-item  image-left\">\n\t\t\t<div class=\"wrap\">\n        \t\t\t\t\t<div class=\"a-img\">\n            <img data-opt-id=37633171  fetchpriority=\"high\" decoding=\"async\" width=\"819\" height=\"1024\" src=\"https:\/\/mlqtikq4kmu9.i.optimole.com\/w:819\/h:1024\/q:mauto\/ig:avif\/https:\/\/www.platofineart.com\/wp-content\/uploads\/2017\/09\/10-1.jpg\" class=\"attachment-large size-large\" alt=\"\" srcset=\"https:\/\/mlqtikq4kmu9.i.optimole.com\/w:819\/h:1024\/q:mauto\/ig:avif\/https:\/\/www.platofineart.com\/wp-content\/uploads\/2017\/09\/10-1.jpg 819w, https:\/\/mlqtikq4kmu9.i.optimole.com\/w:240\/h:300\/q:mauto\/ig:avif\/https:\/\/www.platofineart.com\/wp-content\/uploads\/2017\/09\/10-1.jpg 240w, https:\/\/mlqtikq4kmu9.i.optimole.com\/w:768\/h:960\/q:mauto\/ig:avif\/https:\/\/www.platofineart.com\/wp-content\/uploads\/2017\/09\/10-1.jpg 768w, https:\/\/mlqtikq4kmu9.i.optimole.com\/w:56\/h:70\/q:mauto\/ig:avif\/dpr:2\/https:\/\/www.platofineart.com\/wp-content\/uploads\/2017\/09\/10-1.jpg 56w, https:\/\/mlqtikq4kmu9.i.optimole.com\/w:600\/h:750\/q:mauto\/ig:avif\/https:\/\/www.platofineart.com\/wp-content\/uploads\/2017\/09\/10-1.jpg 600w, https:\/\/mlqtikq4kmu9.i.optimole.com\/w:864\/h:1080\/q:mauto\/ig:avif\/https:\/\/www.platofineart.com\/wp-content\/uploads\/2017\/09\/10-1.jpg 1080w\" sizes=\"(max-width: 819px) 100vw, 819px\" \/>                      <\/div>\n\t\t\t\t\t\t\t\t<div class=\"content\">\n\t\t\t\t\t\t\t\t<h5>Ceren &amp; Serta\u00e7<\/h5>\n\t\t\t\t\t\t\t\t\t\t\t<\/div>\n\t\t\t\t          <a class=\"link\" href=\"#\" data-popup-json=\"{&quot;title&quot;:&quot;Ceren &amp; Serta\\u00e7&quot;,&quot;desc&quot;:false,&quot;image&quot;:{&quot;url&quot;:&quot;https:\\/\\/www.platofineart.com\\/wp-content\\/uploads\\/2017\\/09\\/10-1.jpg&quot;,&quot;w&quot;:1080,&quot;h&quot;:1350},&quot;post_id&quot;:325,&quot;likes&quot;:&quot;93&quot;,&quot;projectLink&quot;:&quot;https:\\\/\\\/www.platofineart.com\\\/index.php\\\/pt-portfolio\\\/johnny-b-goode\\\/&quot;,&quot;projectLinkTarget&quot;:&quot;_self&quot;}\" data-id=\"1\" ><\/a>        \t\t\t<\/div>\n\t\t<\/article>\n\t\t\t\t<article class=\"col-12 col-sm-6 col-md-4 portfolio-item portfolio-masonry-item category-37 popup-item with-video  image-center\">\n\t\t\t<div class=\"wrap\">\n        \t\t\t\t\t<div class=\"a-img\">\n            <img data-opt-id=1232253936  data-opt-src=\"https:\/\/mlqtikq4kmu9.i.optimole.com\/w:1005\/h:1024\/q:mauto\/ig:avif\/https:\/\/www.platofineart.com\/wp-content\/uploads\/2017\/09\/IMG_2214-e1738447200524.jpg\"  decoding=\"async\" width=\"1005\" height=\"1024\" src=\"data:image/svg+xml,%3Csvg%20viewBox%3D%220%200%201005%201024%22%20width%3D%221005%22%20height%3D%221024%22%20xmlns%3D%22http%3A%2F%2Fwww.w3.org%2F2000%2Fsvg%22%3E%3Crect%20width%3D%221005%22%20height%3D%221024%22%20fill%3D%22transparent%22%2F%3E%3C%2Fsvg%3E\" class=\"attachment-large size-large\" alt=\"\" old-srcset=\"https:\/\/mlqtikq4kmu9.i.optimole.com\/w:1005\/h:1024\/q:mauto\/ig:avif\/https:\/\/www.platofineart.com\/wp-content\/uploads\/2017\/09\/IMG_2214-e1738447200524.jpg 1005w, https:\/\/mlqtikq4kmu9.i.optimole.com\/w:294\/h:300\/q:mauto\/ig:avif\/https:\/\/www.platofineart.com\/wp-content\/uploads\/2017\/09\/IMG_2214-e1738447200524.jpg 294w, https:\/\/mlqtikq4kmu9.i.optimole.com\/w:768\/h:782\/q:mauto\/ig:avif\/https:\/\/www.platofineart.com\/wp-content\/uploads\/2017\/09\/IMG_2214-e1738447200524.jpg 768w, https:\/\/mlqtikq4kmu9.i.optimole.com\/w:70\/h:70\/q:mauto\/ig:avif\/dpr:2\/https:\/\/www.platofineart.com\/wp-content\/uploads\/2017\/09\/IMG_2214-e1738447200524.jpg 70w, https:\/\/mlqtikq4kmu9.i.optimole.com\/w:600\/h:611\/q:mauto\/ig:avif\/https:\/\/www.platofineart.com\/wp-content\/uploads\/2017\/09\/IMG_2214-e1738447200524.jpg 600w, https:\/\/mlqtikq4kmu9.i.optimole.com\/w:1060\/h:1080\/q:mauto\/ig:avif\/https:\/\/www.platofineart.com\/wp-content\/uploads\/2017\/09\/IMG_2214-e1738447200524.jpg 1170w\" \/>                      <\/div>\n\t\t\t\t\t\t\t\t<div class=\"content\">\n\t\t\t\t\t\t\t\t<h5>Platomuzun Tan\u0131t\u0131m Filmi<\/h5>\n\t\t\t\t\t\t\t<p>Plato Fine Art Tan\u0131t\u0131m Filmi'ni izleyerek \u00e7ekim alanlar\u0131m\u0131z hakk\u0131nda fikir sahibi olabilirsiniz.<\/p>\n\t\t\t\t<\/div>\n\t\t\t\t          <a class=\"link\" href=\"#\" data-popup-json=\"{&quot;title&quot;:&quot;Platomuzun Tan\\u0131t\\u0131m Filmi&quot;,&quot;desc&quot;:&quot;Plato Fine Art Tan\\u0131t\\u0131m Filmi&#039;ni izleyerek \\u00e7ekim alanlar\\u0131m\\u0131z hakk\\u0131nda fikir sahibi olabilirsiniz.&quot;,&quot;video&quot;:{&quot;html&quot;:&quot;&lt;iframe class=\\&quot;pswp__video\\&quot; width=\\&quot;1920\\&quot; height=\\&quot;1080\\&quot; src=\\&quot;https:\\\/\\\/youtube.com\\\/embed\\\/v-gV0zzbj44?rel=0&#038;showinfo=0&#038;enablejsapi=1\\&quot; frameborder=\\&quot;0\\&quot; allowfullscreen=\\&quot;\\&quot;&gt;&lt;\\\/iframe&gt;&quot;,&quot;w&quot;:1920,&quot;h&quot;:1080},&quot;post_id&quot;:327,&quot;likes&quot;:&quot;10&quot;,&quot;projectLink&quot;:&quot;https:\\\/\\\/www.platofineart.com\\\/index.php\\\/pt-portfolio\\\/redhead\\\/&quot;,&quot;projectLinkTarget&quot;:&quot;_self&quot;}\" data-id=\"2\" ><\/a>        \t\t\t<\/div>\n\t\t<\/article>\n\t\t\t\t<article class=\"col-12 col-sm-6 col-md-4 portfolio-item portfolio-masonry-item category-50 popup-item  image-center\">\n\t\t\t<div class=\"wrap\">\n        \t\t\t\t\t<div class=\"a-img\">\n            <img data-opt-id=1370287212  data-opt-src=\"https:\/\/mlqtikq4kmu9.i.optimole.com\/w:819\/h:1024\/q:mauto\/ig:avif\/https:\/\/www.platofineart.com\/wp-content\/uploads\/2017\/09\/658A7386.jpg\"  loading=\"lazy\" decoding=\"async\" width=\"819\" height=\"1024\" src=\"data:image/svg+xml,%3Csvg%20viewBox%3D%220%200%20819%201024%22%20width%3D%22819%22%20height%3D%221024%22%20xmlns%3D%22http%3A%2F%2Fwww.w3.org%2F2000%2Fsvg%22%3E%3Crect%20width%3D%22819%22%20height%3D%221024%22%20fill%3D%22transparent%22%2F%3E%3C%2Fsvg%3E\" class=\"attachment-large size-large\" alt=\"\" old-srcset=\"https:\/\/mlqtikq4kmu9.i.optimole.com\/w:819\/h:1024\/q:mauto\/ig:avif\/https:\/\/www.platofineart.com\/wp-content\/uploads\/2017\/09\/658A7386.jpg 819w, https:\/\/mlqtikq4kmu9.i.optimole.com\/w:240\/h:300\/q:mauto\/ig:avif\/https:\/\/www.platofineart.com\/wp-content\/uploads\/2017\/09\/658A7386.jpg 240w, https:\/\/mlqtikq4kmu9.i.optimole.com\/w:768\/h:960\/q:mauto\/ig:avif\/https:\/\/www.platofineart.com\/wp-content\/uploads\/2017\/09\/658A7386.jpg 768w, https:\/\/mlqtikq4kmu9.i.optimole.com\/w:56\/h:70\/q:mauto\/ig:avif\/dpr:2\/https:\/\/www.platofineart.com\/wp-content\/uploads\/2017\/09\/658A7386.jpg 56w, https:\/\/mlqtikq4kmu9.i.optimole.com\/w:600\/h:750\/q:mauto\/ig:avif\/https:\/\/www.platofineart.com\/wp-content\/uploads\/2017\/09\/658A7386.jpg 600w, https:\/\/mlqtikq4kmu9.i.optimole.com\/w:864\/h:1080\/q:mauto\/ig:avif\/https:\/\/www.platofineart.com\/wp-content\/uploads\/2017\/09\/658A7386.jpg 1080w\" \/>                      <\/div>\n\t\t\t\t\t\t\t\t<div class=\"content\">\n\t\t\t\t\t\t\t\t<h5>Tenis<\/h5>\n\t\t\t\t\t\t\t\t\t\t\t<\/div>\n\t\t\t\t          <a class=\"link\" href=\"#\" data-popup-json=\"{&quot;title&quot;:&quot;Tenis&quot;,&quot;desc&quot;:false,&quot;image&quot;:{&quot;url&quot;:&quot;https:\\/\\/www.platofineart.com\\/wp-content\\/uploads\\/2017\\/09\\/658A7386.jpg&quot;,&quot;w&quot;:1080,&quot;h&quot;:1350},&quot;post_id&quot;:346,&quot;likes&quot;:&quot;4&quot;,&quot;projectLink&quot;:&quot;https:\\\/\\\/www.platofineart.com\\\/index.php\\\/pt-portfolio\\\/thunderstruck\\\/&quot;,&quot;projectLinkTarget&quot;:&quot;_self&quot;}\" data-id=\"3\" ><\/a>        \t\t\t<\/div>\n\t\t<\/article>\n\t\t\t\t\t\t<\/div>\n\t\t\t\t\t\t\t\t\t<\/div>\n    \t\t\t\t<\/div>\n\t\t\t\t<\/div>\n\t\t\t\t\t<\/div>\n\t\t<\/div>\n\t\t\t\t\t<\/div>\n\t\t<\/section>\n\t\t\t\t<\/div>\n\t\t","protected":false},"excerpt":{"rendered":"<p>Gallery All Fashion Lifestyle Portraits Nature Wishing Well Lorem ipsum dolor sit amet, consectetur adipisicing elit, sed do eiusmod tempor incididunt ut labore et dolore magna aliqua. Ut enim ad m&#8230; Johnny B Goode Lorem ipsum dolor sit amet, consectetur adipisicing elit, sed do eiusmod tempor incididunt ut labore et dolore magna aliqua. Ut enim [&hellip;]<\/p>\n","protected":false},"author":1,"featured_media":0,"parent":794,"menu_order":0,"comment_status":"closed","ping_status":"closed","template":"template-landing.php","meta":{"_acf_changed":false,"_joinchat":[],"footnotes":""},"class_list":["post-2984","page","type-page","status-publish","hentry"],"acf":[],"jetpack_sharing_enabled":true,"_links":{"self":[{"href":"https:\/\/www.platofineart.com\/index.php\/wp-json\/wp\/v2\/pages\/2984","targetHints":{"allow":["GET"]}}],"collection":[{"href":"https:\/\/www.platofineart.com\/index.php\/wp-json\/wp\/v2\/pages"}],"about":[{"href":"https:\/\/www.platofineart.com\/index.php\/wp-json\/wp\/v2\/types\/page"}],"author":[{"embeddable":true,"href":"https:\/\/www.platofineart.com\/index.php\/wp-json\/wp\/v2\/users\/1"}],"replies":[{"embeddable":true,"href":"https:\/\/www.platofineart.com\/index.php\/wp-json\/wp\/v2\/comments?post=2984"}],"version-history":[{"count":0,"href":"https:\/\/www.platofineart.com\/index.php\/wp-json\/wp\/v2\/pages\/2984\/revisions"}],"up":[{"embeddable":true,"href":"https:\/\/www.platofineart.com\/index.php\/wp-json\/wp\/v2\/pages\/794"}],"wp:attachment":[{"href":"https:\/\/www.platofineart.com\/index.php\/wp-json\/wp\/v2\/media?parent=2984"}],"curies":[{"name":"wp","href":"https:\/\/api.w.org\/{rel}","templated":true}]}}