{"id":4484,"date":"2025-04-20T19:37:52","date_gmt":"2025-04-20T16:37:52","guid":{"rendered":"https:\/\/www.platofineart.com\/?post_type=product&#038;p=4484"},"modified":"2025-04-20T20:06:33","modified_gmt":"2025-04-20T17:06:33","slug":"kuafor-paketi","status":"publish","type":"product","link":"https:\/\/www.platofineart.com\/index.php\/product\/kuafor-paketi\/","title":{"rendered":"Kuaf\u00f6r Paketi"},"content":{"rendered":"<p>VIP Paket premium hizmet paketimizdir.<\/p>\n<p><strong>Paket i\u00e7erisinde dahil olan hizmetler:<\/strong><\/p>\n<p>-Sa\u00e7 \/ Tesett\u00fcr \/ Makyaj Hizmeti<\/p>\n<p>-Plato Konseptlerinde ve G\u00f6l kenar\u0131nda 2 saatlik foto\u011fraf \u00e7ekimi.<\/p>\n<p>-Ortalama 450 Kare foto\u011fraf.<\/p>\n<p>-Video ve Drone \u00e7ekimi.<\/p>\n<p>-Wedding Klip.<\/p>\n<p>-30 Adet se\u00e7ilen foto\u011fraf\u0131n d\u00fczenlenmesi ve alb\u00fcme eklenmesi<\/p>\n<p>-\u00c7ekilen t\u00fcm foto\u011fraflar\u0131n dijital teslimi.<\/p>\n<p>-30*60 Ebat\u0131nda 1 adet alb\u00fcm + 2 adet aile alb\u00fcm\u00fc.<\/p>\n<p>-Esnek rezervasyon imkan\u0131.<\/p>\n<p>&nbsp;<\/p>\n<p>&nbsp;<\/p>\n<p>&nbsp;<\/p>\n<p>Ekstra hizmetlerimiz:<\/p>\n<p>Video \u00c7ekimi: +1500 TL<\/p>\n<p>Drone \u00c7ekimi: +1500 TL<\/p>\n<p>Video + Drone \u00c7ekimi: +2500 TL<\/p>\n<p>Alan Tahsisi: +5000 TL<\/p>\n<p>Ara\u00e7 S\u00fcsleme Hizmeti: +3000 TL<\/p>\n<p>Reels Videosu: +1250 TL<\/p>\n<p>Ekstra \u00c7ekim Alan\u0131: +1000 TL<\/p>\n<p>Gece \u00c7ekimi: +3000 TL<\/p>\n<p>Kanvas Tablo: +1500 TL<\/p>\n<p>Alb\u00fcm: +3000 TL<\/p>\n<p>Aile Alb\u00fcm\u00fc: +1000 TL<\/p>\n<p>Kuaf\u00f6r Hizmeti: +7000 TL<\/p>\n<p>Konsept \u00c7ekimi: +3500 TL<\/p>\n<p>Gelinlik Kiralama: +2500 TL<\/p>\n<p>Gelinlik \u00c7i\u00e7e\u011fi Kiralama: +250 TL<\/p>\n<p>&nbsp;<\/p>\n<p>Paket i\u00e7erikleri ve detaylar\u0131 hakk\u0131nda daha fazla bilgi almak i\u00e7in +90 212 853 7110 numaral\u0131 telefon hatt\u0131m\u0131z\u0131 arayarak ofisimiz ile ileti\u015fime ge\u00e7ebilirsiniz.<\/p>\n<p>&nbsp;<\/p>\n","protected":false},"excerpt":{"rendered":"<p><strong>Paket i\u00e7erisinde dahil olan hizmetler:<\/strong><\/p>\n<p>-Sa\u00e7 \/ Tesett\u00fcr \/ Makyaj Hizmeti<\/p>\n<p>-Plato Konseptlerinde ve G\u00f6l kenar\u0131nda 2 saatlik foto\u011fraf \u00e7ekimi.<\/p>\n<p>-Ortalama 450 Kare foto\u011fraf.<\/p>\n<p>-Video ve Drone \u00e7ekimi.<\/p>\n<p>-Wedding Klip.<\/p>\n<p>-30 Adet se\u00e7ilen foto\u011fraf\u0131n d\u00fczenlenmesi ve alb\u00fcme eklenmesi<\/p>\n<p>-\u00c7ekilen t\u00fcm foto\u011fraflar\u0131n dijital teslimi.<\/p>\n<p>-30*60 Ebat\u0131nda 1 adet alb\u00fcm + 2 adet aile alb\u00fcm\u00fc.<\/p>\n<p>-Esnek rezervasyon imkan\u0131.<\/p>\n","protected":false},"featured_media":4482,"comment_status":"open","ping_status":"closed","template":"","meta":{"_acf_changed":false},"product_brand":[],"product_cat":[41],"product_tag":[],"class_list":{"0":"post-4484","1":"product","2":"type-product","3":"status-publish","4":"has-post-thumbnail","6":"product_cat-hizmet","8":"first","9":"instock","10":"sale","11":"virtual","12":"taxable","13":"purchasable","14":"product-type-simple"},"acf":[],"jetpack_sharing_enabled":true,"_links":{"self":[{"href":"https:\/\/www.platofineart.com\/index.php\/wp-json\/wp\/v2\/product\/4484","targetHints":{"allow":["GET"]}}],"collection":[{"href":"https:\/\/www.platofineart.com\/index.php\/wp-json\/wp\/v2\/product"}],"about":[{"href":"https:\/\/www.platofineart.com\/index.php\/wp-json\/wp\/v2\/types\/product"}],"replies":[{"embeddable":true,"href":"https:\/\/www.platofineart.com\/index.php\/wp-json\/wp\/v2\/comments?post=4484"}],"wp:featuredmedia":[{"embeddable":true,"href":"https:\/\/www.platofineart.com\/index.php\/wp-json\/wp\/v2\/media\/4482"}],"wp:attachment":[{"href":"https:\/\/www.platofineart.com\/index.php\/wp-json\/wp\/v2\/media?parent=4484"}],"wp:term":[{"taxonomy":"product_brand","embeddable":true,"href":"https:\/\/www.platofineart.com\/index.php\/wp-json\/wp\/v2\/product_brand?post=4484"},{"taxonomy":"product_cat","embeddable":true,"href":"https:\/\/www.platofineart.com\/index.php\/wp-json\/wp\/v2\/product_cat?post=4484"},{"taxonomy":"product_tag","embeddable":true,"href":"https:\/\/www.platofineart.com\/index.php\/wp-json\/wp\/v2\/product_tag?post=4484"}],"curies":[{"name":"wp","href":"https:\/\/api.w.org\/{rel}","templated":true}]}}