{"id":4486,"date":"2025-04-20T20:06:40","date_gmt":"2025-04-20T17:06:40","guid":{"rendered":"https:\/\/www.platofineart.com\/?post_type=product&#038;p=4486"},"modified":"2025-04-20T20:15:37","modified_gmt":"2025-04-20T17:15:37","slug":"istanbul-cekimi","status":"publish","type":"product","link":"https:\/\/www.platofineart.com\/index.php\/product\/istanbul-cekimi\/","title":{"rendered":"\u0130stanbul \u00c7ekimi"},"content":{"rendered":"<p>\u00d6zel \u0130stanbul \u00c7ekimi Hizmetimiz<\/p>\n<p><strong>Paket i\u00e7erisinde dahil olan hizmetler:<\/strong><\/p>\n<p>-\u0130stanbul&#8217;da tercih edilen lokasyonda 3 saatlik foto\u011fraf \u00e7ekimi.<\/p>\n<p>-Ortalama 550 Kare foto\u011fraf.<\/p>\n<p>-Video \u00e7ekimi.<\/p>\n<p>-\u0130nstagram Reel \u00e7ekimi.<\/p>\n<p>-35 Adet se\u00e7ilen foto\u011fraf\u0131n d\u00fczenlenmesi.<\/p>\n<p>-\u00c7ekilen t\u00fcm foto\u011fraflar\u0131n dijital teslimi.<\/p>\n<p>-Esnek rezervasyon imkan\u0131.<\/p>\n<p>&nbsp;<\/p>\n<p>&nbsp;<\/p>\n<p>&nbsp;<\/p>\n<p>Ekstra hizmetlerimiz:<\/p>\n<p>Video \u00c7ekimi: +1500 TL<\/p>\n<p>Drone \u00c7ekimi: +1500 TL<\/p>\n<p>Video + Drone \u00c7ekimi: +2500 TL<\/p>\n<p>Alan Tahsisi: +5000 TL<\/p>\n<p>Ara\u00e7 S\u00fcsleme Hizmeti: +3000 TL<\/p>\n<p>Reels Videosu: +1250 TL<\/p>\n<p>Ekstra \u00c7ekim Alan\u0131: +1000 TL<\/p>\n<p>Gece \u00c7ekimi: +3000 TL<\/p>\n<p>Kanvas Tablo: +1500 TL<\/p>\n<p>Alb\u00fcm: +3000 TL<\/p>\n<p>Aile Alb\u00fcm\u00fc: +1000 TL<\/p>\n<p>Kuaf\u00f6r Hizmeti: +7000 TL<\/p>\n<p>Konsept \u00c7ekimi: +3500 TL<\/p>\n<p>Gelinlik Kiralama: +2500 TL<\/p>\n<p>Gelinlik \u00c7i\u00e7e\u011fi Kiralama: +250 TL<\/p>\n<p>&nbsp;<\/p>\n<p>Paket i\u00e7erikleri ve detaylar\u0131 hakk\u0131nda daha fazla bilgi almak i\u00e7in +90 212 853 7110 numaral\u0131 telefon hatt\u0131m\u0131z\u0131 arayarak ofisimiz ile ileti\u015fime ge\u00e7ebilirsiniz.<\/p>\n<p>&nbsp;<\/p>\n","protected":false},"excerpt":{"rendered":"<p>\u00d6zel \u0130stanbul \u00c7ekimi Hizmetimiz<\/p>\n<p><strong>Paket i\u00e7erisinde dahil olan hizmetler:<\/strong><\/p>\n<p>-\u0130stanbul&#8217;da tercih edilen lokasyonda 3 saatlik foto\u011fraf \u00e7ekimi.<\/p>\n<p>-Ortalama 550 Kare foto\u011fraf.<\/p>\n<p>-Video \u00e7ekimi.<\/p>\n<p>-\u0130nstagram Reel \u00e7ekimi.<\/p>\n<p>-35 Adet se\u00e7ilen foto\u011fraf\u0131n d\u00fczenlenmesi.<\/p>\n<p>-\u00c7ekilen t\u00fcm foto\u011fraflar\u0131n dijital teslimi.<\/p>\n<p>-Esnek rezervasyon imkan\u0131.<\/p>\n<p>&nbsp;<\/p>\n","protected":false},"featured_media":4482,"comment_status":"open","ping_status":"closed","template":"","meta":{"_acf_changed":false},"product_brand":[],"product_cat":[41],"product_tag":[],"class_list":{"0":"post-4486","1":"product","2":"type-product","3":"status-publish","4":"has-post-thumbnail","6":"product_cat-hizmet","8":"first","9":"instock","10":"sale","11":"virtual","12":"taxable","13":"purchasable","14":"product-type-simple"},"acf":[],"jetpack_sharing_enabled":true,"_links":{"self":[{"href":"https:\/\/www.platofineart.com\/index.php\/wp-json\/wp\/v2\/product\/4486","targetHints":{"allow":["GET"]}}],"collection":[{"href":"https:\/\/www.platofineart.com\/index.php\/wp-json\/wp\/v2\/product"}],"about":[{"href":"https:\/\/www.platofineart.com\/index.php\/wp-json\/wp\/v2\/types\/product"}],"replies":[{"embeddable":true,"href":"https:\/\/www.platofineart.com\/index.php\/wp-json\/wp\/v2\/comments?post=4486"}],"wp:featuredmedia":[{"embeddable":true,"href":"https:\/\/www.platofineart.com\/index.php\/wp-json\/wp\/v2\/media\/4482"}],"wp:attachment":[{"href":"https:\/\/www.platofineart.com\/index.php\/wp-json\/wp\/v2\/media?parent=4486"}],"wp:term":[{"taxonomy":"product_brand","embeddable":true,"href":"https:\/\/www.platofineart.com\/index.php\/wp-json\/wp\/v2\/product_brand?post=4486"},{"taxonomy":"product_cat","embeddable":true,"href":"https:\/\/www.platofineart.com\/index.php\/wp-json\/wp\/v2\/product_cat?post=4486"},{"taxonomy":"product_tag","embeddable":true,"href":"https:\/\/www.platofineart.com\/index.php\/wp-json\/wp\/v2\/product_tag?post=4486"}],"curies":[{"name":"wp","href":"https:\/\/api.w.org\/{rel}","templated":true}]}}