{"id":498,"date":"2017-09-13T07:51:55","date_gmt":"2017-09-13T07:51:55","guid":{"rendered":"https:\/\/promo-theme.com\/novo\/dark\/?post_type=product&#038;p=498"},"modified":"2025-04-20T19:33:30","modified_gmt":"2025-04-20T16:33:30","slug":"2-numarali-paket","status":"publish","type":"product","link":"https:\/\/www.platofineart.com\/index.php\/product\/2-numarali-paket\/","title":{"rendered":"2 Numaral\u0131 Paket"},"content":{"rendered":"<p>2 Numaral\u0131 Paket orta seviye hizmet paketimizdir.<\/p>\n<p>Paket i\u00e7erisinde dahil olan hizmetler:<\/p>\n<p>-1 Saatlik foto\u011fraf \u00e7ekimi.<\/p>\n<p>-Se\u00e7ti\u011finiz bir alanda foto\u011fraf \u00e7ekimi (G\u00f6l&amp;Orman&amp;Kapal\u0131 Alan Plato Konseptleri&amp; A\u00e7\u0131k alan ve Bah\u00e7e Konseptleri)<\/p>\n<p>-Video \u00c7ekimi.<\/p>\n<p>-30 Adet se\u00e7ilen foto\u011fraf\u0131n d\u00fczenlenmesi.<\/p>\n<p>-30*60 Ebat\u0131nda panaromik alb\u00fcm.<\/p>\n<p>-\u00c7ekilen t\u00fcm foto\u011fraflar\u0131n dijital teslimi.<\/p>\n<p>-Ortalama 200 Kare foto\u011fraf.<\/p>\n<p>-Esnek rezervasyon imkan\u0131.<\/p>\n<p>&nbsp;<\/p>\n<p>Ekstra hizmetlerimiz:<\/p>\n<p>Video \u00c7ekimi: +1500 TL<\/p>\n<p>Drone \u00c7ekimi: +1500 TL<\/p>\n<p>Video + Drone \u00c7ekimi: +2500 TL<\/p>\n<p>Alan Tahsisi: +5000 TL<\/p>\n<p>Ara\u00e7 S\u00fcsleme Hizmeti: +3000 TL<\/p>\n<p>Reels Videosu: +1250 TL<\/p>\n<p>Ekstra \u00c7ekim Alan\u0131: +1000 TL<\/p>\n<p>Gece \u00c7ekimi: +3000 TL<\/p>\n<p>Kanvas Tablo: +1500 TL<\/p>\n<p>Alb\u00fcm: +3000 TL<\/p>\n<p>Aile Alb\u00fcm\u00fc: +1000 TL<\/p>\n<p>Kuaf\u00f6r Hizmeti: +7000 TL<\/p>\n<p>Konsept \u00c7ekimi: +3500 TL<\/p>\n<p>Gelinlik Kiralama: +2500 TL<\/p>\n<p>Gelinlik \u00c7i\u00e7e\u011fi Kiralama: +250 TL<\/p>\n<p>&nbsp;<\/p>\n<p>Paket i\u00e7erikleri ve detaylar\u0131 hakk\u0131nda daha fazla bilgi almak i\u00e7in +90 212 853 7110 numaral\u0131 telefon hatt\u0131m\u0131z\u0131 arayarak ofisimiz ile ileti\u015fime ge\u00e7ebilirsiniz.<\/p>\n<p>&nbsp;<\/p>\n","protected":false},"excerpt":{"rendered":"<p>Paket i\u00e7erisinde dahil olan hizmetler:<\/p>\n<p>-1 Saatlik foto\u011fraf \u00e7ekimi.<\/p>\n<p>-Se\u00e7ti\u011finiz bir alanda foto\u011fraf \u00e7ekimi (G\u00f6l&amp;Orman&amp;Kapal\u0131 Alan Plato Konseptleri&amp; A\u00e7\u0131k alan ve Bah\u00e7e Konseptleri)<\/p>\n<p>-Video \u00c7ekimi.<\/p>\n<p>-30 Adet se\u00e7ilen foto\u011fraf\u0131n d\u00fczenlenmesi.<\/p>\n<p>-30*60 Ebat\u0131nda panaromik alb\u00fcm.<\/p>\n<p>-\u00c7ekilen t\u00fcm foto\u011fraflar\u0131n dijital teslimi.<\/p>\n<p>-Ortalama 200 Kare foto\u011fraf.<\/p>\n<p>-Esnek rezervasyon imkan\u0131.<\/p>\n","protected":false},"featured_media":4482,"comment_status":"open","ping_status":"closed","template":"","meta":{"_acf_changed":false},"product_brand":[],"product_cat":[41],"product_tag":[],"class_list":{"0":"post-498","1":"product","2":"type-product","3":"status-publish","4":"has-post-thumbnail","6":"product_cat-hizmet","8":"first","9":"instock","10":"sale","11":"virtual","12":"taxable","13":"purchasable","14":"product-type-simple"},"acf":[],"jetpack_sharing_enabled":true,"_links":{"self":[{"href":"https:\/\/www.platofineart.com\/index.php\/wp-json\/wp\/v2\/product\/498","targetHints":{"allow":["GET"]}}],"collection":[{"href":"https:\/\/www.platofineart.com\/index.php\/wp-json\/wp\/v2\/product"}],"about":[{"href":"https:\/\/www.platofineart.com\/index.php\/wp-json\/wp\/v2\/types\/product"}],"replies":[{"embeddable":true,"href":"https:\/\/www.platofineart.com\/index.php\/wp-json\/wp\/v2\/comments?post=498"}],"wp:featuredmedia":[{"embeddable":true,"href":"https:\/\/www.platofineart.com\/index.php\/wp-json\/wp\/v2\/media\/4482"}],"wp:attachment":[{"href":"https:\/\/www.platofineart.com\/index.php\/wp-json\/wp\/v2\/media?parent=498"}],"wp:term":[{"taxonomy":"product_brand","embeddable":true,"href":"https:\/\/www.platofineart.com\/index.php\/wp-json\/wp\/v2\/product_brand?post=498"},{"taxonomy":"product_cat","embeddable":true,"href":"https:\/\/www.platofineart.com\/index.php\/wp-json\/wp\/v2\/product_cat?post=498"},{"taxonomy":"product_tag","embeddable":true,"href":"https:\/\/www.platofineart.com\/index.php\/wp-json\/wp\/v2\/product_tag?post=498"}],"curies":[{"name":"wp","href":"https:\/\/api.w.org\/{rel}","templated":true}]}}